{"id":372,"date":"2018-07-11T12:40:24","date_gmt":"2018-07-11T10:40:24","guid":{"rendered":"http:\/\/www.acpm.cat\/politica-de-cookies\/"},"modified":"2019-07-02T13:39:21","modified_gmt":"2019-07-02T11:39:21","slug":"politica-de-cookies","status":"publish","type":"page","link":"https:\/\/www.acpm.cat\/ca\/politica-de-cookies\/","title":{"rendered":"Pol\u00edtica de cookies"},"content":{"rendered":"<p>[vc_row css_animation=&#8221;&#8221; row_type=&#8221;row&#8221; use_row_as_full_screen_section=&#8221;no&#8221; type=&#8221;full_width&#8221; angled_section=&#8221;no&#8221; text_align=&#8221;left&#8221; background_image_as_pattern=&#8221;without_pattern&#8221; z_index=&#8221;&#8221;][vc_column][vc_column_text el_class=&#8221;section_title&#8221;]<\/p>\n<h1>Pol\u00edtica de cookies<\/h1>\n<p>[\/vc_column_text][\/vc_column][\/vc_row][vc_row css_animation=&#8221;element_from_fade&#8221; row_type=&#8221;row&#8221; use_row_as_full_screen_section=&#8221;no&#8221; type=&#8221;grid&#8221; angled_section=&#8221;no&#8221; text_align=&#8221;left&#8221; background_image_as_pattern=&#8221;without_pattern&#8221; z_index=&#8221;&#8221;][vc_column][vc_column_text]<\/p>\n<h3>Uso de\u00a0COOKIES<\/h3>\n<p>Nuestro sitio web utiliza\u00a0cookies\u00a0para mejorar la navegaci\u00f3n y obtener datos estad\u00edsticos sobre las visitas obtenidas.<\/p>\n<h4>\u00bfQu\u00e9 son las\u00a0cookies?<\/h4>\n<p>Las\u00a0cookies\u00a0son peque\u00f1os archivos de texto que se instalan en el equipo desde el cual se visita nuestro sitio web y que nos proporcionan informaci\u00f3n de forma autom\u00e1tica.\u00a0<strong>Las<\/strong><strong>\u00a0<\/strong><strong>cookies<\/strong><strong>\u00a0<\/strong><strong>en ning\u00fan caso se pueden considerar como un virus inform\u00e1ticos<\/strong>. No da\u00f1an el ordenador ni ralentizan su funcionamiento en modo alguno. Usted puede eliminar nuestras\u00a0Cookies\u00a0en cualquier momento, o rechazarlas configurando su navegador web.<\/p>\n<p>Las\u00a0cookies\u00a0se asocian \u00fanicamente con el navegador de un ordenador determinado (un usuario an\u00f3nimo), y no proporcionan por s\u00ed el nombre y apellidos del usuario. Gracias a las\u00a0cookies, resulta posible que\u00a0<strong>acpm.cat\u00a0<\/strong>reconozca los navegadores de los usuarios registrados despu\u00e9s de que \u00e9stos se hayan registrado por primera vez, sin que tengan que registrarse en cada visita para acceder a las \u00e1reas y servicios reservados exclusivamente a ellos. Nuestros &#8220;cookies&#8221; sirven para identificar una sesi\u00f3n de usuarios (&#8220;cookies\u00a0de sesi\u00f3n&#8221;) y \/ o un ordenador (&#8220;cookies\u00a0temporales&#8221;), y no proporcionan por s\u00ed mismos ni el nombre del usuario ni ning\u00fan otro dato personal. Las\u00a0cookies\u00a0utilizadas no pueden leer los archivos cookie creados por otros proveedores. El usuario tiene la posibilidad de configurar su navegador para ser avisado en pantalla de la recepci\u00f3n de\u00a0cookies\u00a0y para impedir la instalaci\u00f3n de\u00a0cookies\u00a0en su disco duro. Por favor, consulte las instrucciones y manuales de su navegador para ampliar esta informaci\u00f3n.<\/p>\n<p><strong>acpm.cat\u00a0<\/strong>utiliza dos tipos de\u00a0cookies\u00a0diferentes en nuestro sitio web:<\/p>\n<p><strong>Cookies<\/strong><strong>\u00a0<\/strong><strong>de anal\u00edtica web de terceras partes<\/strong>: Instaladas en su ordenador por el servicio Google Analytics. Son\u00a0cookies\u00a0estad\u00edsticas, con las cueles podemos conocer datos \u00fatiles para mejorar nuestra sitio web. Algunos datos recogidos son por ejemplo: el n\u00famero de visitas recibidas, el origen de las visitas, las palabras clave utilizadas para encontrarnos o las horas de mayor afluencia de visitantes. Puede obtener m\u00e1s informaci\u00f3n sobre la pol\u00edtica de privacidad de Google Analytics, visitando el siguiente enlace:<br \/>\n<a href=\"http:\/\/www.google.es\/intl\/es\/analytics\/privacyoverview.html\">Politica de\u00a0cookies\u00a0de Google Analytics<\/a><\/p>\n<p>Podr\u00e1 configurar su navegador para no recibir estas cookie y ser\u00e1n rechazadas,. En caso contrario, entendemos que contamos con su consentimiento para su instalaci\u00f3n.<\/p>\n<p>Cookies\u00a0propias, generadas por nuestro sitio web, para diferentes funciones:<\/p>\n<p><strong>Cookies<\/strong><strong>\u00a0<\/strong><strong>de autenticaci\u00f3n<\/strong>: Utilizadas para reconocer a los usuarios registrados que se han \u201clogineado\u201d en nuestro sitio web. Con estas\u00a0cookies, usted podr\u00e1 acceder a las secciones de acceso restringido de la web. En caso de rechazar estas\u00a0Cookies\u00a0o ser borradas, las claves de acceso a nuestro sitio web, no funcionar\u00e1n de forma correcta.<\/p>\n<p><strong>Cookies<\/strong><strong>\u00a0<\/strong><strong>de personalizaci\u00f3n de interfaz:<\/strong>\u00a0Usadas para facilitar la navegaci\u00f3n de nuestro sitio web. Permiten recordar algunos aspectos gr\u00e1ficos de nuestra web autom\u00e1ticamente. En caso de rechazar estas\u00a0Cookies\u00a0o ser borradas, la navegaci\u00f3n en nuestro sitio web, no funcionar\u00e1n de forma tan sencilla.<\/p>\n<p><strong>Cookies<\/strong><strong>\u00a0<\/strong><strong>publicitarias<\/strong>: Utilizadas para personalizar la publicidad que nuestro sitio web le proporciona en base a los contenidos de la web y la frecuencia a la que se muestren los anuncios.<\/p>\n<p><strong>Cookies<\/strong><strong>\u00a0<\/strong><strong>de publicidad comportamental<\/strong>: Estas\u00a0cookies\u00a0almacenan la informaci\u00f3n de nuestros usuarios y su comportamiento para despu\u00e9s ofrecer en los espacios publicitarios disponibles informaci\u00f3n relevante para ellos.<\/p>\n<p>Si tiene dudas sobre nuestra pol\u00edtica de uso de\u00a0cookies, se puede poner en contacto con nosotros en el siguiente correo\u00a0<a href=\"mailto:info@acpm.cat\">info@acpm.cat<\/a><\/p>\n<p>C\u00f3mo eliminar las\u00a0cookies<\/p>\n<p>Desde tu navegador puedes eliminar las\u00a0cookies\u00a0instaladas en el equipo. Las\u00a0cookies\u00a0se instalan para cada navegador y por tanto deber\u00e1s eliminarlas del navegador usado para entrar en nuestra p\u00e1gina web.<\/p>\n<p>Aqu\u00ed tienes informaci\u00f3n sobre como hacerlo en los principales navegadores:<\/p>\n<ul>\n<li><a href=\"https:\/\/support.google.com\/chrome\/answer\/95647?hl=es\">Eliminar\u00a0cookies\u00a0en Chrome<\/a><\/li>\n<li><a href=\"https:\/\/support.mozilla.org\/es\/kb\/Borrar%20cookies\">Eliminar\u00a0cookies\u00a0en Firefox<\/a><\/li>\n<li><a href=\"http:\/\/windows.microsoft.com\/es-xl\/internet-explorer\/delete-manage-cookies#ie=ie-10\">Eliminar\u00a0cookies\u00a0en Internet Explorer<\/a><\/li>\n<li><a href=\"http:\/\/support.apple.com\/kb\/HT1677?viewlocale=es_ES&amp;locale=es_ES\">Eliminar\u00a0cookies\u00a0en Safari<\/a><\/li>\n<li><a href=\"http:\/\/help.opera.com\/Windows\/11.50\/es-ES\/cookies.html\">Eliminar\u00a0cookies\u00a0en Opera<\/a><\/li>\n<\/ul>\n<p>Para m\u00e1s informaci\u00f3n sobre el uso de\u00a0Cookies\u00a0puedes revisar la siguiente documentaci\u00f3n<\/p>\n<p><a href=\"http:\/\/www.agpd.es\/portalwebAGPD\/canaldocumentacion\/publicaciones\/common\/Guias\/Guia_Cookies.pdf\">Gu\u00eda sobre el uso de las\u00a0cookies\u00a0de la Agencia Espa\u00f1ola de Protecci\u00f3n de Datos.<\/a>[\/vc_column_text][\/vc_column][\/vc_row][vc_row css_animation=&#8221;&#8221; row_type=&#8221;row&#8221; use_row_as_full_screen_section=&#8221;no&#8221; type=&#8221;full_width&#8221; angled_section=&#8221;no&#8221; text_align=&#8221;left&#8221; background_image_as_pattern=&#8221;without_pattern&#8221;][vc_column][vc_separator type=&#8221;transparent&#8221; up=&#8221;60&#8243;][\/vc_column][\/vc_row]<\/p>\n","protected":false},"excerpt":{"rendered":"<p>[vc_row css_animation=&#8221;&#8221; row_type=&#8221;row&#8221; use_row_as_full_screen_section=&#8221;no&#8221; type=&#8221;full_width&#8221; angled_section=&#8221;no&#8221; text_align=&#8221;left&#8221; background_image_as_pattern=&#8221;without_pattern&#8221; z_index=&#8221;&#8221;][vc_column][vc_column_text el_class=&#8221;section_title&#8221;] Pol\u00edtica de cookies [\/vc_column_text][\/vc_column][\/vc_row][vc_row css_animation=&#8221;element_from_fade&#8221; row_type=&#8221;row&#8221; use_row_as_full_screen_section=&#8221;no&#8221; type=&#8221;grid&#8221; angled_section=&#8221;no&#8221; text_align=&#8221;left&#8221; background_image_as_pattern=&#8221;without_pattern&#8221; z_index=&#8221;&#8221;][vc_column][vc_column_text] Uso de\u00a0COOKIES Nuestro sitio web utiliza\u00a0cookies\u00a0para mejorar la navegaci\u00f3n y obtener datos estad\u00edsticos sobre las visitas obtenidas. \u00bfQu\u00e9 son las\u00a0cookies? Las\u00a0cookies\u00a0son peque\u00f1os archivos&#8230;<\/p>\n","protected":false},"author":4,"featured_media":0,"parent":0,"menu_order":0,"comment_status":"closed","ping_status":"closed","template":"full_width.php","meta":{"footnotes":""},"class_list":["post-372","page","type-page","status-publish","hentry"],"_links":{"self":[{"href":"https:\/\/www.acpm.cat\/ca\/wp-json\/wp\/v2\/pages\/372","targetHints":{"allow":["GET"]}}],"collection":[{"href":"https:\/\/www.acpm.cat\/ca\/wp-json\/wp\/v2\/pages"}],"about":[{"href":"https:\/\/www.acpm.cat\/ca\/wp-json\/wp\/v2\/types\/page"}],"author":[{"embeddable":true,"href":"https:\/\/www.acpm.cat\/ca\/wp-json\/wp\/v2\/users\/4"}],"replies":[{"embeddable":true,"href":"https:\/\/www.acpm.cat\/ca\/wp-json\/wp\/v2\/comments?post=372"}],"version-history":[{"count":2,"href":"https:\/\/www.acpm.cat\/ca\/wp-json\/wp\/v2\/pages\/372\/revisions"}],"predecessor-version":[{"id":597,"href":"https:\/\/www.acpm.cat\/ca\/wp-json\/wp\/v2\/pages\/372\/revisions\/597"}],"wp:attachment":[{"href":"https:\/\/www.acpm.cat\/ca\/wp-json\/wp\/v2\/media?parent=372"}],"curies":[{"name":"wp","href":"https:\/\/api.w.org\/{rel}","templated":true}]}}